{"id":6,"date":"2024-04-24T19:21:41","date_gmt":"2024-04-24T19:21:41","guid":{"rendered":"https:\/\/sahinbeycilingir.com\/?page_id=6"},"modified":"2024-10-12T23:00:54","modified_gmt":"2024-10-12T23:00:54","slug":"ana-sayfa","status":"publish","type":"page","link":"https:\/\/sahinbeycilingir.tr\/","title":{"rendered":"Ana Sayfa"},"content":{"rendered":"<div  id=\"hizmetler\" class=\"features-coloured-icon-boxes-section\" style=\"background-color: #ffffff;\" data-label=\"Hizmetler\" data-id=\"stripped-coloured-icon-boxes\" data-category=\"overlapable\" data-overlap=\"true\">\n<div  class=\"gridContainer\">\n<div  class=\"features-coloured-icon-boxes-innerrow flexbox-list dark-text\" data-type=\"row\">\n<div  class=\"features-coloured-icon-boxes-featurecol cp3cols\">\n<div  class=\"features-coloured-icon-boxes-iconcontainer\" data-content-item-container=\"true\"><\/div>\n<h4  class=\"\">HER ZAMAN, HER SAAT.<\/h4>\n<p  class=\"\">Aksoy Anahtar, 365 g\u00fcn 24 saat boyunca de\u011ferli m\u00fc\u015fterilerine kesintisiz \u00e7ilingir ve anahtar hizmeti sunmaktad\u0131r, saat fark etmeksizin.<\/p>\n\n<\/div>\n<div  class=\"features-coloured-icon-boxes-featurecol cp3cols\">\n<div  class=\"features-coloured-icon-boxes-iconcontainer\" data-content-item-container=\"true\"><\/div>\n<h4  class=\"\">15 DAK\u0130KADA YANINIZDAYIZ!<\/h4>\n<p  class=\"\">Ekip arkada\u015flar\u0131m\u0131z, sizinle en k\u0131sa s\u00fcrede bulu\u015fmak i\u00e7in hareket ediyor ve en uygun fiyatlarla sizi koruyarak yard\u0131mc\u0131 olmay\u0131 hedefliyoruz.<\/p>\n\n<\/div>\n<div  class=\"features-coloured-icon-boxes-featurecol cp3cols\">\n<div  class=\"features-coloured-icon-boxes-iconcontainer\" data-content-item-container=\"true\"><\/div>\n<h4  class=\"\">PROFESYONEL H\u0130ZMET<\/h4>\n<p  class=\"\">20 y\u0131l\u0131 a\u015fk\u0131n deneyime sahip uzmanlar\u0131ndan olu\u015fan ekibimiz, g\u00fcven ve tecr\u00fcbenin birle\u015fimiyle Gaziantep \u00e7evresindeki de\u011ferli m\u00fc\u015fterilerimize hizmet vermek i\u00e7in haz\u0131r.<\/p>\n\n<\/div>\n<\/div>\n<\/div>\n<\/div><div  id=\"calisma-bolgesi\" class=\"content-left-image-section\" style=\"background-color: #ffffff;\" data-label=\"Calisma Bolgesi\" data-id=\"content-image-left\" data-category=\"content\">\n<div  class=\"gridContainer\">\n<div  class=\"row\">\n<div  class=\"content-left-image-imgcol\" data-type=\"column\"><img  decoding=\"async\" class=\"\" src=\"https:\/\/sahinbeycilingir.tr\/wp-content\/uploads\/2024\/06\/aksoy.webp\" alt=\"\"><\/div>\n<div  class=\"content-left-image-textcol dynamic-color\" data-type=\"column\">\n<h4  class=\"\">\u015eAH\u0130NBEY VE \u00c7EVRES\u0130 \u00c7\u0130L\u0130NG\u0130R \u2013 OTO \u00c7\u0130L\u0130NG\u0130R \u2013 ANAHTAR H\u0130ZMETLER\u0130<\/h4>\n<div  class=\"flex max-w-full flex-col flex-grow\">\n<div  class=\"min-h-8 text-message flex w-full flex-col items-end gap-2 whitespace-normal break-words [.text-message+&amp;]:mt-5\" dir=\"auto\" data-message-author-role=\"assistant\" data-message-id=\"536f15b7-12cf-4b7f-a555-6abb72823ed4\" data-message-model-slug=\"gpt-4o\">\n<div  class=\"flex w-full flex-col gap-1 empty:hidden first:pt-[3px]\">\n<div  class=\"markdown prose w-full break-words dark:prose-invert light\">\n\nGaziantep\u2019te y\u0131llard\u0131r g\u00fcven ve profesyonellikle hizmet veren firmam\u0131z, 7\/24 acil \u00e7ilingir, oto \u00e7ilingir ve anahtar hizmetleri ile her zaman yan\u0131n\u0131zda. \u015eahinbey ve \u00e7evresindeki geni\u015f hizmet a\u011f\u0131m\u0131z sayesinde kap\u0131da kald\u0131\u011f\u0131n\u0131zda, oto kilidinizle ilgili sorun ya\u015fad\u0131\u011f\u0131n\u0131zda veya anahtar ve kilit sistemlerinizi yenilemek istedi\u011finizde h\u0131zl\u0131, g\u00fcvenilir ve ekonomik \u00e7\u00f6z\u00fcmler sunuyoruz.\n\nHizmet verdi\u011fimiz b\u00f6lgeler aras\u0131nda Akkent, \u00dcniversite, 500 Evler, G\u00fcneykent, B\u00fclb\u00fclzade, Yedi Tepe, \u0130bni Sina, Mavikent, Abd\u00fclhamithan, Karata\u015f, Ertu\u011frulgazi, Cumhuriyet, Binevler, Konak, 60 Y\u0131l, Yukar\u0131bay\u0131r, G\u00fcne\u015f, Onkoloji, Rasaf Yolu, \u0130brahimli, G\u00fcvenevler ve Osmangazi mahalleleri yer almaktad\u0131r.\n\nSon teknoloji ekipmanlar\u0131m\u0131z ve deneyimli kadromuzla, kap\u0131 a\u00e7ma, kilit de\u011fi\u015fimi gibi ihtiya\u00e7lar\u0131n\u0131zda h\u0131zl\u0131 ve etkili \u00e7\u00f6z\u00fcmler sunuyoruz. G\u00fcvenli\u011finiz bizim i\u00e7in \u00f6nceliklidir. Yard\u0131ma ihtiyac\u0131n\u0131z oldu\u011funda, her an bir telefon kadar yak\u0131n\u0131z!\n\n<\/div>\n<\/div>\n<\/div>\n<\/div>\n<\/div>\n<\/div>\n<\/div>\n<\/div>","protected":false},"excerpt":{"rendered":"<p>HER ZAMAN, HER SAAT. Aksoy Anahtar, 365 g\u00fcn 24 saat boyunca de\u011ferli m\u00fc\u015fterilerine kesintisiz \u00e7ilingir ve anahtar hizmeti sunmaktad\u0131r, saat fark etmeksizin. 15 DAK\u0130KADA YANINIZDAYIZ! Ekip arkada\u015flar\u0131m\u0131z, sizinle en k\u0131sa s\u00fcrede bulu\u015fmak i\u00e7in hareket ediyor ve en uygun fiyatlarla sizi koruyarak yard\u0131mc\u0131 olmay\u0131 hedefliyoruz. PROFESYONEL H\u0130ZMET 20 y\u0131l\u0131 a\u015fk\u0131n deneyime sahip uzmanlar\u0131ndan olu\u015fan ekibimiz, g\u00fcven&hellip; <br \/> <a class=\"button small blue\" href=\"https:\/\/sahinbeycilingir.tr\/?p=1\">Devam\u0131<\/a><\/p>\n","protected":false},"author":1,"featured_media":28,"parent":0,"menu_order":0,"comment_status":"closed","ping_status":"closed","template":"","meta":{"footnotes":""},"class_list":["post-6","page","type-page","status-publish","has-post-thumbnail","hentry"],"yoast_head":"<!-- This site is optimized with the Yoast SEO plugin v27.3 - https:\/\/yoast.com\/product\/yoast-seo-wordpress\/ -->\n<title>\u015eahinbey ve \u00c7evresi, \u00c7ilingir - Oto \u00c7ilingir - Anahtarc\u0131 \u015e\u00fckr\u00fc Usta<\/title>\n<meta name=\"description\" content=\"Aksoy Anahtar olarak 7 G\u00fcn 24 Saat \u00c7ilingir hizmetimiz ile bir telefon kadar uza\u011f\u0131n\u0131zday\u0131z: 0536 438 66 12 telefon numaras\u0131ndan \u015fimdi aray\u0131n.\" \/>\n<meta name=\"robots\" content=\"index, follow, max-snippet:-1, max-image-preview:large, max-video-preview:-1\" \/>\n<link rel=\"canonical\" href=\"https:\/\/sahinbeycilingir.tr\/\" \/>\n<meta property=\"og:locale\" content=\"tr_TR\" \/>\n<meta property=\"og:type\" content=\"article\" \/>\n<meta property=\"og:title\" content=\"\u015eahinbey ve \u00c7evresi, \u00c7ilingir - Oto \u00c7ilingir - Anahtarc\u0131 \u015e\u00fckr\u00fc Usta\" \/>\n<meta property=\"og:description\" content=\"Aksoy Anahtar olarak 7 G\u00fcn 24 Saat \u00c7ilingir hizmetimiz ile bir telefon kadar uza\u011f\u0131n\u0131zday\u0131z: 0536 438 66 12 telefon numaras\u0131ndan \u015fimdi aray\u0131n.\" \/>\n<meta property=\"og:url\" content=\"https:\/\/sahinbeycilingir.tr\/\" \/>\n<meta property=\"og:site_name\" content=\"\u015eahinbey \u015e\u00fckr\u00fc Usta \u00c7ilingir\" \/>\n<meta property=\"article:modified_time\" content=\"2024-10-12T23:00:54+00:00\" \/>\n<meta property=\"og:image\" content=\"https:\/\/sahinbeycilingir.tr\/wp-content\/uploads\/2024\/04\/WhatsApp-Image-2024-04-25-at-13.56.14.jpeg\" \/>\n\t<meta property=\"og:image:width\" content=\"1599\" \/>\n\t<meta property=\"og:image:height\" content=\"899\" \/>\n\t<meta property=\"og:image:type\" content=\"image\/jpeg\" \/>\n<meta name=\"twitter:card\" content=\"summary_large_image\" \/>\n<meta name=\"twitter:label1\" content=\"Tahmini okuma s\u00fcresi\" \/>\n\t<meta name=\"twitter:data1\" content=\"2 dakika\" \/>\n<script type=\"application\/ld+json\" class=\"yoast-schema-graph\">{\"@context\":\"https:\\\/\\\/schema.org\",\"@graph\":[{\"@type\":\"WebPage\",\"@id\":\"https:\\\/\\\/sahinbeycilingir.tr\\\/\",\"url\":\"https:\\\/\\\/sahinbeycilingir.tr\\\/\",\"name\":\"\u015eahinbey ve \u00c7evresi, \u00c7ilingir - Oto \u00c7ilingir - Anahtarc\u0131 \u015e\u00fckr\u00fc Usta\",\"isPartOf\":{\"@id\":\"https:\\\/\\\/sahinbeycilingir.tr\\\/#website\"},\"primaryImageOfPage\":{\"@id\":\"https:\\\/\\\/sahinbeycilingir.tr\\\/#primaryimage\"},\"image\":{\"@id\":\"https:\\\/\\\/sahinbeycilingir.tr\\\/#primaryimage\"},\"thumbnailUrl\":\"https:\\\/\\\/sahinbeycilingir.tr\\\/wp-content\\\/uploads\\\/2024\\\/04\\\/WhatsApp-Image-2024-04-25-at-13.56.14.jpeg\",\"datePublished\":\"2024-04-24T19:21:41+00:00\",\"dateModified\":\"2024-10-12T23:00:54+00:00\",\"description\":\"Aksoy Anahtar olarak 7 G\u00fcn 24 Saat \u00c7ilingir hizmetimiz ile bir telefon kadar uza\u011f\u0131n\u0131zday\u0131z: 0536 438 66 12 telefon numaras\u0131ndan \u015fimdi aray\u0131n.\",\"breadcrumb\":{\"@id\":\"https:\\\/\\\/sahinbeycilingir.tr\\\/#breadcrumb\"},\"inLanguage\":\"tr\",\"potentialAction\":[{\"@type\":\"ReadAction\",\"target\":[\"https:\\\/\\\/sahinbeycilingir.tr\\\/\"]}]},{\"@type\":\"ImageObject\",\"inLanguage\":\"tr\",\"@id\":\"https:\\\/\\\/sahinbeycilingir.tr\\\/#primaryimage\",\"url\":\"https:\\\/\\\/sahinbeycilingir.tr\\\/wp-content\\\/uploads\\\/2024\\\/04\\\/WhatsApp-Image-2024-04-25-at-13.56.14.jpeg\",\"contentUrl\":\"https:\\\/\\\/sahinbeycilingir.tr\\\/wp-content\\\/uploads\\\/2024\\\/04\\\/WhatsApp-Image-2024-04-25-at-13.56.14.jpeg\",\"width\":1599,\"height\":899},{\"@type\":\"BreadcrumbList\",\"@id\":\"https:\\\/\\\/sahinbeycilingir.tr\\\/#breadcrumb\",\"itemListElement\":[{\"@type\":\"ListItem\",\"position\":1,\"name\":\"Anasayfa\",\"item\":\"https:\\\/\\\/sahinbeycilingir.tr\\\/\"},{\"@type\":\"ListItem\",\"position\":2,\"name\":\"Ana Sayfa\"}]},{\"@type\":\"WebSite\",\"@id\":\"https:\\\/\\\/sahinbeycilingir.tr\\\/#website\",\"url\":\"https:\\\/\\\/sahinbeycilingir.tr\\\/\",\"name\":\"\u015eahinbey \u015e\u00fckr\u00fc Usta \u00c7ilingir\",\"description\":\"\u015eahinbey \u0130l\u00e7esi s\u0131n\u0131rlar\u0131nda 15 dakikada kap\u0131n\u0131zday\u0131z!\",\"potentialAction\":[{\"@type\":\"SearchAction\",\"target\":{\"@type\":\"EntryPoint\",\"urlTemplate\":\"https:\\\/\\\/sahinbeycilingir.tr\\\/?s={search_term_string}\"},\"query-input\":{\"@type\":\"PropertyValueSpecification\",\"valueRequired\":true,\"valueName\":\"search_term_string\"}}],\"inLanguage\":\"tr\"}]}<\/script>\n<!-- \/ Yoast SEO plugin. -->","yoast_head_json":{"title":"\u015eahinbey ve \u00c7evresi, \u00c7ilingir - Oto \u00c7ilingir - Anahtarc\u0131 \u015e\u00fckr\u00fc Usta","description":"Aksoy Anahtar olarak 7 G\u00fcn 24 Saat \u00c7ilingir hizmetimiz ile bir telefon kadar uza\u011f\u0131n\u0131zday\u0131z: 0536 438 66 12 telefon numaras\u0131ndan \u015fimdi aray\u0131n.","robots":{"index":"index","follow":"follow","max-snippet":"max-snippet:-1","max-image-preview":"max-image-preview:large","max-video-preview":"max-video-preview:-1"},"canonical":"https:\/\/sahinbeycilingir.tr\/","og_locale":"tr_TR","og_type":"article","og_title":"\u015eahinbey ve \u00c7evresi, \u00c7ilingir - Oto \u00c7ilingir - Anahtarc\u0131 \u015e\u00fckr\u00fc Usta","og_description":"Aksoy Anahtar olarak 7 G\u00fcn 24 Saat \u00c7ilingir hizmetimiz ile bir telefon kadar uza\u011f\u0131n\u0131zday\u0131z: 0536 438 66 12 telefon numaras\u0131ndan \u015fimdi aray\u0131n.","og_url":"https:\/\/sahinbeycilingir.tr\/","og_site_name":"\u015eahinbey \u015e\u00fckr\u00fc Usta \u00c7ilingir","article_modified_time":"2024-10-12T23:00:54+00:00","og_image":[{"width":1599,"height":899,"url":"https:\/\/sahinbeycilingir.tr\/wp-content\/uploads\/2024\/04\/WhatsApp-Image-2024-04-25-at-13.56.14.jpeg","type":"image\/jpeg"}],"twitter_card":"summary_large_image","twitter_misc":{"Tahmini okuma s\u00fcresi":"2 dakika"},"schema":{"@context":"https:\/\/schema.org","@graph":[{"@type":"WebPage","@id":"https:\/\/sahinbeycilingir.tr\/","url":"https:\/\/sahinbeycilingir.tr\/","name":"\u015eahinbey ve \u00c7evresi, \u00c7ilingir - Oto \u00c7ilingir - Anahtarc\u0131 \u015e\u00fckr\u00fc Usta","isPartOf":{"@id":"https:\/\/sahinbeycilingir.tr\/#website"},"primaryImageOfPage":{"@id":"https:\/\/sahinbeycilingir.tr\/#primaryimage"},"image":{"@id":"https:\/\/sahinbeycilingir.tr\/#primaryimage"},"thumbnailUrl":"https:\/\/sahinbeycilingir.tr\/wp-content\/uploads\/2024\/04\/WhatsApp-Image-2024-04-25-at-13.56.14.jpeg","datePublished":"2024-04-24T19:21:41+00:00","dateModified":"2024-10-12T23:00:54+00:00","description":"Aksoy Anahtar olarak 7 G\u00fcn 24 Saat \u00c7ilingir hizmetimiz ile bir telefon kadar uza\u011f\u0131n\u0131zday\u0131z: 0536 438 66 12 telefon numaras\u0131ndan \u015fimdi aray\u0131n.","breadcrumb":{"@id":"https:\/\/sahinbeycilingir.tr\/#breadcrumb"},"inLanguage":"tr","potentialAction":[{"@type":"ReadAction","target":["https:\/\/sahinbeycilingir.tr\/"]}]},{"@type":"ImageObject","inLanguage":"tr","@id":"https:\/\/sahinbeycilingir.tr\/#primaryimage","url":"https:\/\/sahinbeycilingir.tr\/wp-content\/uploads\/2024\/04\/WhatsApp-Image-2024-04-25-at-13.56.14.jpeg","contentUrl":"https:\/\/sahinbeycilingir.tr\/wp-content\/uploads\/2024\/04\/WhatsApp-Image-2024-04-25-at-13.56.14.jpeg","width":1599,"height":899},{"@type":"BreadcrumbList","@id":"https:\/\/sahinbeycilingir.tr\/#breadcrumb","itemListElement":[{"@type":"ListItem","position":1,"name":"Anasayfa","item":"https:\/\/sahinbeycilingir.tr\/"},{"@type":"ListItem","position":2,"name":"Ana Sayfa"}]},{"@type":"WebSite","@id":"https:\/\/sahinbeycilingir.tr\/#website","url":"https:\/\/sahinbeycilingir.tr\/","name":"\u015eahinbey \u015e\u00fckr\u00fc Usta \u00c7ilingir","description":"\u015eahinbey \u0130l\u00e7esi s\u0131n\u0131rlar\u0131nda 15 dakikada kap\u0131n\u0131zday\u0131z!","potentialAction":[{"@type":"SearchAction","target":{"@type":"EntryPoint","urlTemplate":"https:\/\/sahinbeycilingir.tr\/?s={search_term_string}"},"query-input":{"@type":"PropertyValueSpecification","valueRequired":true,"valueName":"search_term_string"}}],"inLanguage":"tr"}]}},"_links":{"self":[{"href":"https:\/\/sahinbeycilingir.tr\/index.php?rest_route=\/wp\/v2\/pages\/6","targetHints":{"allow":["GET"]}}],"collection":[{"href":"https:\/\/sahinbeycilingir.tr\/index.php?rest_route=\/wp\/v2\/pages"}],"about":[{"href":"https:\/\/sahinbeycilingir.tr\/index.php?rest_route=\/wp\/v2\/types\/page"}],"author":[{"embeddable":true,"href":"https:\/\/sahinbeycilingir.tr\/index.php?rest_route=\/wp\/v2\/users\/1"}],"replies":[{"embeddable":true,"href":"https:\/\/sahinbeycilingir.tr\/index.php?rest_route=%2Fwp%2Fv2%2Fcomments&post=6"}],"version-history":[{"count":11,"href":"https:\/\/sahinbeycilingir.tr\/index.php?rest_route=\/wp\/v2\/pages\/6\/revisions"}],"predecessor-version":[{"id":55,"href":"https:\/\/sahinbeycilingir.tr\/index.php?rest_route=\/wp\/v2\/pages\/6\/revisions\/55"}],"wp:featuredmedia":[{"embeddable":true,"href":"https:\/\/sahinbeycilingir.tr\/index.php?rest_route=\/wp\/v2\/media\/28"}],"wp:attachment":[{"href":"https:\/\/sahinbeycilingir.tr\/index.php?rest_route=%2Fwp%2Fv2%2Fmedia&parent=6"}],"curies":[{"name":"wp","href":"https:\/\/api.w.org\/{rel}","templated":true}]}}